{"id":11502,"date":"2019-03-21T15:20:48","date_gmt":"2019-03-21T20:20:48","guid":{"rendered":"https:\/\/bilinguelondres.edu.co\/web\/?page_id=11502"},"modified":"2025-11-10T06:23:04","modified_gmt":"2025-11-10T11:23:04","slug":"nuestro-colegio","status":"publish","type":"page","link":"https:\/\/bilinguelondres.edu.co\/web\/nuestro-colegio\/","title":{"rendered":"Nuestro Colegio"},"content":{"rendered":"<div class=\"wpb-content-wrapper\"><p>[vc_row][vc_column]<div class=\"thim-widget-heading template-base\"><div class=\"sc_heading  text-center\"><h3 style=\"font-size:35px;font-weight:600;\" class=\"title\">Informaci\u00f3n <strong>Institucional<\/strong><\/h3><\/div><\/div>[\/vc_column][\/vc_row][vc_row css=\u00bb.vc_custom_1559531433775{margin-bottom: 15px !important;}\u00bb][vc_column width=\u00bb5\/12&#8243; css=\u00bb.vc_custom_1565453128712{margin-bottom: 30px !important;}\u00bb][vc_column_text]<\/p>\n<h3 class=\"thim-text-title\">Misi\u00f3n<\/h3>\n<p>Usar de manera responsable toda acci\u00f3n pedag\u00f3gica necesaria, encaminada a influir en el estudiante de tal manera que tome conciencia del prop\u00f3sito por el cual existe y el c\u00f3mo una educaci\u00f3n biling\u00fce es una poderosa herramienta, altamente productiva que redundar\u00e1 en beneficios frente a otros alumnos en similares condiciones y circunstancias para llegar a ser un instrumento de bien para la humanidad.[\/vc_column_text][\/vc_column][vc_column width=\u00bb7\/12&#8243; css=\u00bb.vc_custom_1565453143595{margin-bottom: 30px !important;}\u00bb][vc_column_text]<\/p>\n<h3 class=\"thim-text-title\">Visi\u00f3n<\/h3>\n<p>Ser el establecimiento educativo que mejor aprovecha la destreza y habilidad para dise\u00f1ar y aplicar la m\u00e1s id\u00f3nea pedagog\u00eda en la educaci\u00f3n de generaciones de alumnos, quienes debidamente estimulados participar\u00e1n con ah\u00ednco, prestancia y disciplina en sus particulares procesos de formaci\u00f3n, ense\u00f1anza y aprendizaje, todos ellos conjugados en la formaci\u00f3n integral de art\u00edfices de vidas quienes dejar\u00e1n huella para la posteridad, generaciones de j\u00f3venes que, unas abrir\u00e1n brecha y otras asumir\u00e1n con verdadera responsabilidad la conquista de retos que les deparar\u00e1 la sociedad y la vida misma.[\/vc_column_text][\/vc_column][\/vc_row][vc_row][vc_column][vc_tta_tabs][vc_tta_section title=\u00bbRESE\u00d1A HIST\u00d3RICA\u00bb tab_id=\u00bb1553201553639-a4a157b2-0618&#8243;][\/vc_tta_section][vc_tta_section title=\u00bbCALIDAD\u00bb tab_id=\u00bb1553201553661-4cb8a9a4-11b5&#8243;][vc_column_text css=\u00bb\u00bb]<\/p>\n<p><img loading=\"lazy\" decoding=\"async\" class=\"size-medium wp-image-12044 aligncenter\" src=\"https:\/\/bilinguelondres.edu.co\/web\/wp-content\/uploads\/2025\/11\/icontec-2025-300x166.png\" alt=\"\" width=\"300\" height=\"166\" srcset=\"https:\/\/bilinguelondres.edu.co\/web\/wp-content\/uploads\/2025\/11\/icontec-2025-300x166.png 300w, https:\/\/bilinguelondres.edu.co\/web\/wp-content\/uploads\/2025\/11\/icontec-2025.png 687w\" sizes=\"auto, (max-width: 300px) 100vw, 300px\" \/><\/p>\n<p>Comprometida con la educaci\u00f3n mediante la aplicaci\u00f3n de la mas id\u00f3nea pedagog\u00eda el Instituto Biling\u00fce Londres cuenta con un personal altamente competitivo, recursos educativos y ambientes propicios de ense\u00f1anza que garantizan el cumplimiento de los requisitos, el mejoramiento continuo y la calidad educativa; promovida por lo procesos establecidos en su Sistema de Gesti\u00f3n de Calidad.<\/p>\n<p><strong>Objetivos de Calidad<\/strong><\/p>\n<p>1.- Direccionar el Instituto hacia el cumplimiento de sus fines y los del Estado.<br \/>\n2.- Optimizar y administrar los recursos.<br \/>\n3.- Mejorar el nivel de desempe\u00f1o del personal.<br \/>\n4.- Fortalecer el nivel de educaci\u00f3n y de sana convivencia.<br \/>\n5.- Garantizar el mejoramiento continuo del Instituto.[\/vc_column_text][\/vc_tta_section][\/vc_tta_tabs][\/vc_column][\/vc_row][vc_row][vc_column]<div class=\"thim-widget-heading template-base\"><div class=\"sc_heading  text-center\"><h3 class=\"title\">S\u00cdMBOLOS <strong>INSTITUCIONALES<\/strong><\/h3><\/div><\/div>[vc_row_inner][vc_column_inner width=\u00bb1\/2&#8243;][vc_column_text]<\/p>\n<h3 class=\"thim-text-title\">BANDERA<\/h3>\n<p>[\/vc_column_text][vc_single_image image=\u00bb11711&#8243; img_size=\u00bbmedium\u00bb alignment=\u00bbcenter\u00bb][\/vc_column_inner][vc_column_inner width=\u00bb1\/2&#8243;][vc_column_text]<\/p>\n<h3 class=\"thim-text-title\">ESCUDO<\/h3>\n<p>[\/vc_column_text][vc_single_image image=\u00bb11706&#8243; img_size=\u00bbmedium\u00bb alignment=\u00bbcenter\u00bb][\/vc_column_inner][\/vc_row_inner][\/vc_column][\/vc_row][vc_row full_width=\u00bbstretch_row_content_no_spaces\u00bb css=\u00bb.vc_custom_1562345038911{background-color: #d4e8fa !important;}\u00bb][vc_column][vc_row_inner][vc_column_inner][vc_column_text css=\u00bb\u00bb]A mediados de 1993, suscit\u00f3 en los docentes <strong><em>\u00c1lvaro Gamboa Orozco y Doris Marina P\u00e9rez Sep\u00falveda, <\/em><\/strong>la idea de crear un instituto de modalidad biling\u00fce, teniendo en cuenta que en C\u00facuta no funcionaba un colegio de esa modalidad. Se present\u00f3 el proyecto a la Secretaria de Educaci\u00f3n y se hicieron todos los tr\u00e1mites para su funcionamiento. Con licencia de iniciaci\u00f3n de labores para Pre-escolar Resoluci\u00f3n N\u00b0 0106 de febrero de 1994.<\/p>\n<p>Se dio inicio al instituto, el cual funcion\u00f3 en la calle 1\u00b0 N\u00b00-12 Lleras Restrepo. Con 34 alumnos en los grados Pre-jard\u00edn, Jard\u00edn y Transici\u00f3n. Desde 1995 funcion\u00f3 en la Avenida 0 N\u00b0 0-58 N Lleras Restrepo mediante Licencia de Iniciaci\u00f3n de Labores Resoluci\u00f3n N\u00b0 01682 de noviembre 6 de 1995, para los grados 1\u00b0,2\u00b0 y 3\u00b0 de Educaci\u00f3n B\u00e1sica Primaria. Mediante Resoluci\u00f3n N\u00b0 02114 de septiembre 10 de 1999 se dio aprobaci\u00f3n para toda la B\u00e1sica Primaria, incluyendo el Preescolar. Debido al aumento del n\u00famero de alumnos se ampli\u00f3 el espacio a otro local ubicado en la Avenida 0 N\u00b0 0-70N Lleras Restrepo en 1999.<\/p>\n<p>Teniendo en cuenta la aprobaci\u00f3n que ya se hab\u00eda adquirido de toda la b\u00e1sica primaria y las perspectivas de continuar con la b\u00e1sica secundaria se ampli\u00f3 la planta f\u00edsica con otro local ubicado en la Calle 1\u00b0N\u00b0 0-13 Lleras Restrepo. Mediante resoluci\u00f3n N\u00b0 01800 de noviembre 19 de 2001 se dio aprobaci\u00f3n a la b\u00e1sica secundaria.<\/p>\n<p>Desde noviembre de 2004 el Preescolar funcion\u00f3 en un local m\u00e1s amplio y acogedor situado en la Avenida 0N\u00b0 0N-36 Lleras Restrepo. Para el a\u00f1o 2005 se contin\u00faa con la media acad\u00e9mica pues se cuenta con los recursos locativos, did\u00e1cticos, curriculares, alumnado y un excelente equipo de docentes y orientadores.<\/p>\n<p>Para el 2011 el Instituto empieza a funcionar en una planta f\u00edsica un 100% m\u00e1s amplia y acogedora para el \u00f3ptimo desarrollo de las actividades pedag\u00f3gicas, culturales y deportivas. Han transcurrido 21 a\u00f1os de labor educativa, ha sido una tarea ardua pero gratificante por la acogida que hemos tenido en la sociedad cucute\u00f1a y por la labor que se est\u00e1 desempe\u00f1ando.<\/p>\n<p>En este mismo a\u00f1o la promoci\u00f3n 2011 realiza sus proyectos de grado y uno de ellos es conseguir una mascota para la instituci\u00f3n, desde entonces y hasta la fecha nos acompa\u00f1a nuestra mascota London de raza labrador Gold y somos familia Pet Friendly.<\/p>\n<p>La nueva sede funciona en la Calle 6 N\u00b0 9E-88 Quinta Oriental con la resoluci\u00f3n de aprobaci\u00f3n N\u00b0 01486 de septiembre 25 de 2007.<\/p>\n<p>En el mes de junio del a\u00f1o 2012 se inicia el proceso de Certificaci\u00f3n con el dise\u00f1o del Sistema de Gesti\u00f3n de Calidad bajo los par\u00e1metros establecidos en la norma ISO 9001:2008 y GTC 200. En los a\u00f1os 2013, 2014 y 2015 se tenido auditorio seguimiento con resultados favorables.<\/p>\n<p>En el a\u00f1o 2018 cumplimos 25 a\u00f1os de labor educativa e iniciamos la intensificaci\u00f3n de ingl\u00e9s con el Instituto O.E.P. Overseas Education Programs S.A.S. en la jornada de la tarde reemplazando las actividades l\u00fadicas. Desde el a\u00f1o 2016 al 2022 nuestros procesos acad\u00e9micos fueron mostr\u00e1ndonos excelentes resultados ubic\u00e1ndonos entre los 20 mejores colegios de la ciudad obteniendo la calificaci\u00f3n A+. No obstante, el mayor promedio de crecimiento se da para ingl\u00e9s, seguido de matem\u00e1ticas, naturales, lectura cr\u00edtica y sociales.<\/p>\n<p>En el a\u00f1o 2022 logramos ubicarnos en el 8\u00b0 puesto a nivel departamental y en el puesto 155 a nivel Nacional en las pruebas ICFES.<\/p>\n<p>A la fecha de hoy han pasado m\u00e1s de 30 a\u00f1os de arduo trabajo de labor educativa, ha sido una tarea gratificante por la acogida que hemos tenido en la sociedad cucute\u00f1a y por la labor que se est\u00e1 desempe\u00f1ando. Seguimos nuestro trabajo educando en valores, siendo uno de los mejores establecimientos educativos que aplica la pedagog\u00eda y los procesos de formaci\u00f3n, ense\u00f1anza-aprendizaje en la educaci\u00f3n integral\u00a0 de ni\u00f1os y j\u00f3venes teniendo en cuenta su realidad individual, familiar, cultural y social a fin de introducirlo en el campo propio de singulares y especiales oportunidades que le brinda <strong>LA PROFUNDIZACI\u00d3N DEL IDIOMA INGLES<\/strong> y quienes asumir\u00e1n con verdadera responsabilidad la conquista de retos que les depara la sociedad y la vida misma.[\/vc_column_text]<div class=\"thim-widget-heading template-base\"><div class=\"sc_heading  text-center\"><h3 class=\"title\"><strong>Himno<\/strong> Institucional<\/h3><span class=\"line\"><\/span><\/div><\/div>[\/vc_column_inner][\/vc_row_inner][vc_row_inner][vc_column_inner width=\u00bb1\/3&#8243;]<div class=\"thim-widget-heading template-base\"><div class=\"sc_heading  text-center\"><h3 class=\"title\">CORO<\/h3><span class=\"line\"><\/span><\/div><\/div>[vc_column_text]<\/p>\n<div style=\"text-align: center;\">The London Bilingual Institute<br \/>\nWee\u00b4ll form a better day to come<br \/>\nTo the youth and the kids without end.<\/div>\n<p>[\/vc_column_text][\/vc_column_inner][vc_column_inner width=\u00bb1\/3&#8243;]<div class=\"thim-widget-heading template-base\"><div class=\"sc_heading  text-center\"><h3 class=\"title\">I<\/h3><span class=\"line\"><\/span><\/div><\/div>[vc_column_text]<\/p>\n<div style=\"text-align: center;\">Let&#8217;s make our work fillings better.<br \/>\nLet&#8217;s give all we can them we\u2019ll get,<br \/>\nThem well get to the goal that we set<br \/>\nAnd talk the language of Shakespeare<br \/>\nAnd well tell only the true (bis).<\/div>\n<p>[\/vc_column_text][\/vc_column_inner][vc_column_inner width=\u00bb1\/3&#8243;]<div class=\"thim-widget-heading template-base\"><div class=\"sc_heading  text-center\"><h3 class=\"title\">II<\/h3><span class=\"line\"><\/span><\/div><\/div>[vc_column_text]<\/p>\n<div style=\"text-align: center;\">The London Bilingual Institute<br \/>\nWe&#8217;ll give you strength along the way.<br \/>\nWell beg our Lord to bless us.<br \/>\nAnd to light our road and our lives<br \/>\nAnd to fill them with love, peace and hope(bis).<\/div>\n<p>[\/vc_column_text][\/vc_column_inner][\/vc_row_inner][vc_column_text]<\/p>\n<p><center><audio id=\"sonido\" src=\"https:\/\/bilinguelondres.edu.co\/web\/wp-content\/uploads\/2019\/07\/4.HIMNO-BILINGUE-LONDRES.mp3\" controls=\"controls\"><span data-mce-type=\"bookmark\" style=\"display: inline-block; width: 0px; overflow: hidden; line-height: 0;\" class=\"mce_SELRES_start\">\ufeff<\/span><span data-mce-type=\"bookmark\" style=\"display: inline-block; width: 0px; overflow: hidden; line-height: 0;\" class=\"mce_SELRES_start\">\ufeff<\/span><span data-mce-type=\"bookmark\" style=\"display: inline-block; width: 0px; overflow: hidden; line-height: 0;\" class=\"mce_SELRES_start\">\ufeff<\/span><span data-mce-type=\"bookmark\" style=\"display: inline-block; width: 0px; overflow: hidden; line-height: 0;\" class=\"mce_SELRES_start\">\ufeff<\/span><br \/>\n<\/audio>&lt;\/<center>[\/vc_column_text][\/vc_column][\/vc_row][vc_row][vc_column][vc_column_text]<\/center><\/center>[\/vc_column_text][\/vc_column][\/vc_row]<\/p>\n<\/div>","protected":false},"excerpt":{"rendered":"<p>[vc_row][vc_column][\/vc_column][\/vc_row][vc_row css=\u00bb.vc_custom_1559531433775{margin-bottom: 15px !important;}\u00bb][vc_column width=\u00bb5\/12&#8243; css=\u00bb.vc_custom_1565453128712{margin-bottom: 30px !important;}\u00bb][vc_column_text] Misi\u00f3n Usar de manera responsable toda acci\u00f3n pedag\u00f3gica necesaria, encaminada a influir en el estudiante de tal manera que tome conciencia del prop\u00f3sito por el cual existe y el c\u00f3mo una educaci\u00f3n &hellip; <\/p>\n","protected":false},"author":1,"featured_media":0,"parent":0,"menu_order":0,"comment_status":"closed","ping_status":"closed","template":"","meta":{"footnotes":""},"class_list":["post-11502","page","type-page","status-publish","hentry"],"_links":{"self":[{"href":"https:\/\/bilinguelondres.edu.co\/web\/wp-json\/wp\/v2\/pages\/11502","targetHints":{"allow":["GET"]}}],"collection":[{"href":"https:\/\/bilinguelondres.edu.co\/web\/wp-json\/wp\/v2\/pages"}],"about":[{"href":"https:\/\/bilinguelondres.edu.co\/web\/wp-json\/wp\/v2\/types\/page"}],"author":[{"embeddable":true,"href":"https:\/\/bilinguelondres.edu.co\/web\/wp-json\/wp\/v2\/users\/1"}],"replies":[{"embeddable":true,"href":"https:\/\/bilinguelondres.edu.co\/web\/wp-json\/wp\/v2\/comments?post=11502"}],"version-history":[{"count":11,"href":"https:\/\/bilinguelondres.edu.co\/web\/wp-json\/wp\/v2\/pages\/11502\/revisions"}],"predecessor-version":[{"id":12045,"href":"https:\/\/bilinguelondres.edu.co\/web\/wp-json\/wp\/v2\/pages\/11502\/revisions\/12045"}],"wp:attachment":[{"href":"https:\/\/bilinguelondres.edu.co\/web\/wp-json\/wp\/v2\/media?parent=11502"}],"curies":[{"name":"wp","href":"https:\/\/api.w.org\/{rel}","templated":true}]}}